{"id":1730,"date":"2018-11-26T11:40:29","date_gmt":"2018-11-26T11:40:29","guid":{"rendered":"http:\/\/hostalvelilla.com\/politica-de-cookies\/"},"modified":"2019-06-04T12:20:57","modified_gmt":"2019-06-04T10:20:57","slug":"cookies-policy","status":"publish","type":"page","link":"https:\/\/hostalvelilla.com\/en\/cookies-policy\/","title":{"rendered":"COOKIES POLICY"},"content":{"rendered":"<h2>\u00bfQU\u00c9 ES UNA COOKIE?<\/h2>\n<p>Una cookie es un fichero que se descarga en el ordenador\/smartphone\/tablet del usuario al acceder a determinadas p\u00e1ginas web para almacenar y recuperar informaci\u00f3n sobre la navegaci\u00f3n que se efect\u00faa desde dicho equipo.<\/p>\n<p>T\u00e9cnicamente, las\u00a0<i>cookies<\/i>\u00a0son trozos de datos arbitrarios definidos por el\u00a0<a title=\"Servidor web\" href=\"http:\/\/es.wikipedia.org\/wiki\/Servidor_web\">servidor web<\/a>\u00a0y enviados al navegador. El navegador los devuelve al servidor sin modificar, reflejando as\u00ed un\u00a0<i>estado<\/i>\u00a0(memoria de eventos anteriores) en las transacciones HTTP, que de otra manera ser\u00edan independientes de ese estado.<\/p>\n<p>Sin las\u00a0<i>cookies<\/i>, cada petici\u00f3n de una\u00a0<a title=\"P\u00e1gina web\" href=\"http:\/\/es.wikipedia.org\/wiki\/P%C3%A1gina_web\">p\u00e1gina web<\/a>\u00a0o un componente de una p\u00e1gina web ser\u00eda un evento aislado, sin ninguna relaci\u00f3n con el resto de peticiones de otras p\u00e1ginas del mismo sitio. Pero devolviendo una\u00a0<i>cookie<\/i>\u00a0al servidor web, el navegador proporciona al servidor un medio para relacionar la solicitud de la p\u00e1gina actual con solicitudes de p\u00e1ginas anteriores. Adem\u00e1s de ser definidas por un servidor web, las\u00a0<i>cookies<\/i>\u00a0tambi\u00e9n pueden ser definidas por un\u00a0<a title=\"Script\" href=\"http:\/\/es.wikipedia.org\/wiki\/Script\">script<\/a>\u00a0en un lenguaje como\u00a0<a title=\"JavaScript\" href=\"http:\/\/es.wikipedia.org\/wiki\/JavaScript\">JavaScript<\/a>, si \u00e9ste est\u00e1 soportado y habilitado en el navegador web.<\/p>\n<p>Las especificaciones de\u00a0<i>cookies<\/i>\u00a0sugieren que los navegadores deben soportar un n\u00famero m\u00ednimo de\u00a0<i>cookies<\/i>\u00a0o una cantidad m\u00ednima de memoria para almacenarlas. En concreto, se espera que un navegador sea capaz de almacenar al menos 300 cookies de 4 kilobytes cada una y al menos 20\u00a0<i>cookies<\/i>\u00a0por servidor o\u00a0<a title=\"Dominio (redes inform\u00e1ticas)\" href=\"http:\/\/es.wikipedia.org\/wiki\/Dominio_%28redes_inform%C3%A1ticas%29\">dominio<\/a>.<\/p>\n<p>El servidor que establece la\u00a0<i>cookie<\/i>\u00a0puede especificar una fecha de borrado, en cuyo caso la\u00a0<i>cookie<\/i>\u00a0ser\u00e1 borrada en esa fecha. Un sitio de compras podr\u00eda querer ayudar a clientes potenciales recordando las cosas que hab\u00eda en su cesta de la compra, incluso si cierran el navegador sin realizar la compra y vuelven m\u00e1s tarde, para evitar que tengan que buscar los productos de nuevo. En ese caso, el servidor crear\u00eda una\u00a0<i>cookie<\/i>\u00a0con fecha de borrado seg\u00fan el deseo del dise\u00f1ador del sitio web. Si no se define una fecha de borrado, la\u00a0<i>cookie<\/i>es borrada cuando el usuario cierra su navegador. Por lo tanto, definir una fecha de borrado es una manera de hacer que la\u00a0<i>cookie<\/i>\u00a0sobreviva entre sesiones. Por esta raz\u00f3n, las\u00a0<i>cookies<\/i>\u00a0con fecha de borrado se llaman\u00a0<i>persistentes<\/i>.<\/p>\n<p>Para conocer m\u00e1s informaci\u00f3n sobre las cookies, le sugerimos que pueda acceder al siguiente enlace:<a href=\"http:\/\/www.iabspain.net\/privacidadeninternet\/usuario\" target=\"_blank\" rel=\"noopener noreferrer\">\u00a0http:\/\/www.iabspain.net\/privacidadeninternet\/usuario<\/a>.<\/p>\n<h2>TIPOS DE COOKIES<\/h2>\n<p>Hay diferentes tipos de cookies. Todos ellos trabajan de la misma manera, pero tienen peque\u00f1as diferencias:<\/p>\n<ul>\n<li><strong>Cookies de Sesi\u00f3n<\/strong>. Las cookies de sesi\u00f3n duran solamente por la duraci\u00f3n de tu visita y se borran cuando cierras el navegador. Su finalidad principal es identificar el tipo de dispositivo, apoyar la seguridad sitio web o su funcionalidad b\u00e1sica. No contienen informaci\u00f3n personal que nos permita identificar a una persona.<\/li>\n<li><strong>Cookies Persistentes o Permanentes<\/strong>: Se almacenan en el disco duro del dispositivo y nuestra web las lee cada vez que realizas una nueva visita a Hostal Velilla; posee una fecha de caducidad o expiraci\u00f3n determinada, cumplida la cual la cookie deja de funcionar. Nos permiten identificar tus acciones y preferencias; analizar las visitas y nos ayudan a comprender c\u00f3mo llegan los usuarios a nuestra p\u00e1gina y mejorar nuestros servicios.<\/li>\n<li><strong>Cookies de Funcionalidad<\/strong>: Permiten a Hostal Velilla recordar decisiones adoptadas por el usuario, como su login o identificador. La informaci\u00f3n de estas cookies recogen se anonimiza (es decir, no contiene ni tu nombre, direcci\u00f3n, u otros datos).<\/li>\n<li><strong>Cookies de Terceros<\/strong>. Las cookies de terceros son las cookies que instala un sitio web que no es el que est\u00e1s visitando; por ejemplo, las usadas por redes sociales (como Facebook) o por complementos externos de contenido (como Google Maps). Adem\u00e1s, algunas empresas de publicidad usan este tipo de archivos para realizar un seguimiento de tus visitas en cada sitio en el que se anuncian.<\/li>\n<li><strong>Cookies Anal\u00edticas<\/strong>: Son cookies que tienen por finalidad el mantenimiento peri\u00f3dico y garantizar el mejor funcionamiento y servicio al usuario; recopilando datos de tu actividad.<\/li>\n<\/ul>\n<h2>USO DE COOKIES POR PARTE DE\u00a0<a href=\"https:\/\/hostalvelilla.com\/\">Empresa1<\/a><\/h2>\n<p>Mediante el acceso a Hostal Velilla, aceptas de manera expresa que podamos usar este tipo de cookies en tus dispositivos. Si desactivas las cookies, puede que tu navegaci\u00f3n por Hostal Velilla no sea \u00f3ptima y algunas de las utilidades que dispone Hostal Velilla no funcionen correctamente.<\/p>\n<h3><strong>COOKIES DE TERCEROS.\u00a0COOKIES DE GOOGLE ANALYTICS<\/strong><\/h3>\n<p>El sitio utiliza el servicio Google Analytics, que es prestado por Google, Inc., entidad cuya oficina principal est\u00e1 en 1600 Amphitheatre Parkway, Mountain View (California), CA 94043, Estados Unidos (\u201cGoogle\u201d).<\/p>\n<p>Google Analytics utiliza cookies para ayudarnos a analizar el uso que hacen los usuarios del sitio. La informaci\u00f3n que genera la cookie acerca de tu uso del sitio (incluyendo tu direcci\u00f3n IP) ser\u00e1 directamente transmitida y archivada por Google en sus servidores de Estados Unidos. Google usar\u00e1 esta informaci\u00f3n por cuenta nuestra con el prop\u00f3sito de seguir la pista de tu uso del sitio, recopilando informes de la actividad del sitio y prestando otros servicios relacionados con la actividad del sitio y el uso de Internet. El buscador Google podr\u00e1 transmitir dicha informaci\u00f3n a terceros cuando as\u00ed se lo requiera la legislaci\u00f3n, o cuando dichos terceros procesen la informaci\u00f3n por cuenta de Google. Google no asociar\u00e1 tu direcci\u00f3n IP con ning\u00fan otro dato del que disponga Google.<\/p>\n<p>Si lo deseas puedes rechazar el tratamiento de los datos o la informaci\u00f3n rechazando el uso de cookies mediante la selecci\u00f3n de la configuraci\u00f3n apropiada de tu navegador. Sin embargo, si lo haces, puede ser que no puedas usar la plena funcionabilidad de este sitio. Al utilizar este sitio consientes el tratamiento tu informaci\u00f3n por Google en la forma y para los fines arriba indicados.<\/p>\n<p>Nombre de las cookies:<br \/>\n_utma<br \/>\n_utmb<br \/>\n_utmc<br \/>\n_utmv<br \/>\n_utmz<\/p>\n<p>Prop\u00f3sito de las cookies:<\/p>\n<p>Estas cookies de Google Analytics generan un ID de usuario an\u00f3nimo, que es el que se utiliza para hacer un recuento de cuantas veces visita\u00a0<em>Empresa1\u00a0<\/em>el usuario. Tambi\u00e9n registra cuando fue la primera y la \u00faltima vez que visit\u00f3 la web. Asimismo, calcula cuando se ha terminado una sesi\u00f3n, origen de usuario y keyword.<\/p>\n<h2>CONFIGURACI\u00d3N DEL USUARIO PARA EVITAR COOKIES<\/h2>\n<p>Desde Hostal Velilla y en cumplimiento de la normativa legal vigente, ponemos a tu disposici\u00f3n la informaci\u00f3n que te permita configurar tu navegador\/navegadores de Internet para mantener tu privacidad y seguridad en relaci\u00f3n a las cookies. Por ello, te facilitamos la informaci\u00f3n y enlaces a los sitos de soporte oficiales de los principales navegadores para que puedas decidir si deseas o no aceptar el uso de cookies.<\/p>\n<p>As\u00ed, puedes bloquear las cookies a trav\u00e9s de las herramientas de configuraci\u00f3n del navegador o bien puedes configurar tu navegador para que te avise cuando un servidor quiera guardar una cookie:<\/p>\n<ul>\n<li>Si utilizas\u00a0<strong>Microsoft Internet Explorer<\/strong>, en la opci\u00f3n de men\u00fa Herramientas &gt; Opciones de Internet &gt; Privacidad &gt; Configuraci\u00f3n. Para saber m\u00e1s visita http:\/\/windows.microsoft.com\/es-es\/windows-vista\/block-or-allow-cookies y http:\/\/windows.microsoft.com\/es-es\/windows7\/how-to-manage-cookies-in-internet-expl orer-9.<\/li>\n<li>Si utilizas\u00a0<strong>Firefox<\/strong>, en la opci\u00f3n de men\u00fa Herramientas &gt; Opciones &gt; Privacidad &gt; Cookies. Para saber m\u00e1s visita https:\/\/support.mozilla.org\/es\/kb\/habilitar-y-deshabilitar-cookies-que-los-sitios -web<\/li>\n<\/ul>\n","protected":false},"excerpt":{"rendered":"<p>\u00bfQU\u00c9 ES UNA COOKIE? Una cookie es un fichero que se descarga en el ordenador\/smartphone\/tablet del usuario al acceder a determinadas p\u00e1ginas web para almacenar y recuperar informaci\u00f3n sobre la navegaci\u00f3n que se efect\u00faa desde dicho equipo. T\u00e9cnicamente, las\u00a0cookies\u00a0son trozos de datos arbitrarios definidos por&#8230;<\/p>\n","protected":false},"author":1,"featured_media":0,"parent":0,"menu_order":0,"comment_status":"closed","ping_status":"closed","template":"","meta":[],"yoast_head":"<!-- This site is optimized with the Yoast SEO plugin v18.2 - https:\/\/yoast.com\/wordpress\/plugins\/seo\/ -->\n<title>COOKIES POLICY - Hostal Velilla | Almu\u00f1ecar<\/title>\n<meta name=\"robots\" content=\"index, follow, max-snippet:-1, max-image-preview:large, max-video-preview:-1\" \/>\n<link rel=\"canonical\" href=\"https:\/\/hostalvelilla.com\/en\/cookies-policy\/\" \/>\n<meta property=\"og:locale\" content=\"en_US\" \/>\n<meta property=\"og:type\" content=\"article\" \/>\n<meta property=\"og:title\" content=\"COOKIES POLICY - Hostal Velilla | Almu\u00f1ecar\" \/>\n<meta property=\"og:description\" content=\"\u00bfQU\u00c9 ES UNA COOKIE? Una cookie es un fichero que se descarga en el ordenador\/smartphone\/tablet del usuario al acceder a determinadas p\u00e1ginas web para almacenar y recuperar informaci\u00f3n sobre la navegaci\u00f3n que se efect\u00faa desde dicho equipo. T\u00e9cnicamente, las\u00a0cookies\u00a0son trozos de datos arbitrarios definidos por...\" \/>\n<meta property=\"og:url\" content=\"https:\/\/hostalvelilla.com\/en\/cookies-policy\/\" \/>\n<meta property=\"og:site_name\" content=\"Hostal Velilla | Almu\u00f1ecar\" \/>\n<meta property=\"article:modified_time\" content=\"2019-06-04T10:20:57+00:00\" \/>\n<meta name=\"twitter:card\" content=\"summary_large_image\" \/>\n<meta name=\"twitter:label1\" content=\"Est. reading time\" \/>\n\t<meta name=\"twitter:data1\" content=\"6 minutes\" \/>\n<script type=\"application\/ld+json\" class=\"yoast-schema-graph\">{\"@context\":\"https:\/\/schema.org\",\"@graph\":[{\"@type\":\"WebSite\",\"@id\":\"https:\/\/hostalvelilla.com\/en\/#website\",\"url\":\"https:\/\/hostalvelilla.com\/en\/\",\"name\":\"Hostal Velilla | Almu\u00f1ecar\",\"description\":\"| Web Oficial | Mejor Precio\",\"potentialAction\":[{\"@type\":\"SearchAction\",\"target\":{\"@type\":\"EntryPoint\",\"urlTemplate\":\"https:\/\/hostalvelilla.com\/en\/?s={search_term_string}\"},\"query-input\":\"required name=search_term_string\"}],\"inLanguage\":\"en-US\"},{\"@type\":\"WebPage\",\"@id\":\"https:\/\/hostalvelilla.com\/en\/cookies-policy\/#webpage\",\"url\":\"https:\/\/hostalvelilla.com\/en\/cookies-policy\/\",\"name\":\"COOKIES POLICY - Hostal Velilla | Almu\u00f1ecar\",\"isPartOf\":{\"@id\":\"https:\/\/hostalvelilla.com\/en\/#website\"},\"datePublished\":\"2018-11-26T11:40:29+00:00\",\"dateModified\":\"2019-06-04T10:20:57+00:00\",\"breadcrumb\":{\"@id\":\"https:\/\/hostalvelilla.com\/en\/cookies-policy\/#breadcrumb\"},\"inLanguage\":\"en-US\",\"potentialAction\":[{\"@type\":\"ReadAction\",\"target\":[\"https:\/\/hostalvelilla.com\/en\/cookies-policy\/\"]}]},{\"@type\":\"BreadcrumbList\",\"@id\":\"https:\/\/hostalvelilla.com\/en\/cookies-policy\/#breadcrumb\",\"itemListElement\":[{\"@type\":\"ListItem\",\"position\":1,\"name\":\"Portada\",\"item\":\"https:\/\/hostalvelilla.com\/en\/\"},{\"@type\":\"ListItem\",\"position\":2,\"name\":\"COOKIES POLICY\"}]}]}<\/script>\n<!-- \/ Yoast SEO plugin. -->","yoast_head_json":{"title":"COOKIES POLICY - Hostal Velilla | Almu\u00f1ecar","robots":{"index":"index","follow":"follow","max-snippet":"max-snippet:-1","max-image-preview":"max-image-preview:large","max-video-preview":"max-video-preview:-1"},"canonical":"https:\/\/hostalvelilla.com\/en\/cookies-policy\/","og_locale":"en_US","og_type":"article","og_title":"COOKIES POLICY - Hostal Velilla | Almu\u00f1ecar","og_description":"\u00bfQU\u00c9 ES UNA COOKIE? Una cookie es un fichero que se descarga en el ordenador\/smartphone\/tablet del usuario al acceder a determinadas p\u00e1ginas web para almacenar y recuperar informaci\u00f3n sobre la navegaci\u00f3n que se efect\u00faa desde dicho equipo. T\u00e9cnicamente, las\u00a0cookies\u00a0son trozos de datos arbitrarios definidos por...","og_url":"https:\/\/hostalvelilla.com\/en\/cookies-policy\/","og_site_name":"Hostal Velilla | Almu\u00f1ecar","article_modified_time":"2019-06-04T10:20:57+00:00","twitter_card":"summary_large_image","twitter_misc":{"Est. reading time":"6 minutes"},"schema":{"@context":"https:\/\/schema.org","@graph":[{"@type":"WebSite","@id":"https:\/\/hostalvelilla.com\/en\/#website","url":"https:\/\/hostalvelilla.com\/en\/","name":"Hostal Velilla | Almu\u00f1ecar","description":"| Web Oficial | Mejor Precio","potentialAction":[{"@type":"SearchAction","target":{"@type":"EntryPoint","urlTemplate":"https:\/\/hostalvelilla.com\/en\/?s={search_term_string}"},"query-input":"required name=search_term_string"}],"inLanguage":"en-US"},{"@type":"WebPage","@id":"https:\/\/hostalvelilla.com\/en\/cookies-policy\/#webpage","url":"https:\/\/hostalvelilla.com\/en\/cookies-policy\/","name":"COOKIES POLICY - Hostal Velilla | Almu\u00f1ecar","isPartOf":{"@id":"https:\/\/hostalvelilla.com\/en\/#website"},"datePublished":"2018-11-26T11:40:29+00:00","dateModified":"2019-06-04T10:20:57+00:00","breadcrumb":{"@id":"https:\/\/hostalvelilla.com\/en\/cookies-policy\/#breadcrumb"},"inLanguage":"en-US","potentialAction":[{"@type":"ReadAction","target":["https:\/\/hostalvelilla.com\/en\/cookies-policy\/"]}]},{"@type":"BreadcrumbList","@id":"https:\/\/hostalvelilla.com\/en\/cookies-policy\/#breadcrumb","itemListElement":[{"@type":"ListItem","position":1,"name":"Portada","item":"https:\/\/hostalvelilla.com\/en\/"},{"@type":"ListItem","position":2,"name":"COOKIES POLICY"}]}]}},"_links":{"self":[{"href":"https:\/\/hostalvelilla.com\/en\/wp-json\/wp\/v2\/pages\/1730"}],"collection":[{"href":"https:\/\/hostalvelilla.com\/en\/wp-json\/wp\/v2\/pages"}],"about":[{"href":"https:\/\/hostalvelilla.com\/en\/wp-json\/wp\/v2\/types\/page"}],"author":[{"embeddable":true,"href":"https:\/\/hostalvelilla.com\/en\/wp-json\/wp\/v2\/users\/1"}],"replies":[{"embeddable":true,"href":"https:\/\/hostalvelilla.com\/en\/wp-json\/wp\/v2\/comments?post=1730"}],"version-history":[{"count":1,"href":"https:\/\/hostalvelilla.com\/en\/wp-json\/wp\/v2\/pages\/1730\/revisions"}],"predecessor-version":[{"id":1744,"href":"https:\/\/hostalvelilla.com\/en\/wp-json\/wp\/v2\/pages\/1730\/revisions\/1744"}],"wp:attachment":[{"href":"https:\/\/hostalvelilla.com\/en\/wp-json\/wp\/v2\/media?parent=1730"}],"curies":[{"name":"wp","href":"https:\/\/api.w.org\/{rel}","templated":true}]}}