{"id":1722,"date":"2015-03-16T21:04:57","date_gmt":"2015-03-16T21:04:57","guid":{"rendered":"http:\/\/hostalvelilla.com\/contacto\/"},"modified":"2020-07-03T09:17:27","modified_gmt":"2020-07-03T07:17:27","slug":"contact","status":"publish","type":"page","link":"https:\/\/hostalvelilla.com\/en\/contact\/","title":{"rendered":"Contact"},"content":{"rendered":"<p>[vc_row][vc_column width=&#8221;2\/3&#8243;][vc_column_text]<\/p>\n<h2>Enviar mensaje<\/h2>\n<p>Utilice el siguiente formulario de contacto para realizar sus peticiones a nuestro hotel.[\/vc_column_text]<script type=\"text\/javascript\">var gform;gform||(document.addEventListener(\"gform_main_scripts_loaded\",function(){gform.scriptsLoaded=!0}),window.addEventListener(\"DOMContentLoaded\",function(){gform.domLoaded=!0}),gform={domLoaded:!1,scriptsLoaded:!1,initializeOnLoaded:function(o){gform.domLoaded&&gform.scriptsLoaded?o():!gform.domLoaded&&gform.scriptsLoaded?window.addEventListener(\"DOMContentLoaded\",o):document.addEventListener(\"gform_main_scripts_loaded\",o)},hooks:{action:{},filter:{}},addAction:function(o,n,r,t){gform.addHook(\"action\",o,n,r,t)},addFilter:function(o,n,r,t){gform.addHook(\"filter\",o,n,r,t)},doAction:function(o){gform.doHook(\"action\",o,arguments)},applyFilters:function(o){return gform.doHook(\"filter\",o,arguments)},removeAction:function(o,n){gform.removeHook(\"action\",o,n)},removeFilter:function(o,n,r){gform.removeHook(\"filter\",o,n,r)},addHook:function(o,n,r,t,i){null==gform.hooks[o][n]&&(gform.hooks[o][n]=[]);var e=gform.hooks[o][n];null==i&&(i=n+\"_\"+e.length),gform.hooks[o][n].push({tag:i,callable:r,priority:t=null==t?10:t})},doHook:function(n,o,r){var t;if(r=Array.prototype.slice.call(r,1),null!=gform.hooks[n][o]&&((o=gform.hooks[n][o]).sort(function(o,n){return o.priority-n.priority}),o.forEach(function(o){\"function\"!=typeof(t=o.callable)&&(t=window[t]),\"action\"==n?t.apply(null,r):r[0]=t.apply(null,r)})),\"filter\"==n)return r[0]},removeHook:function(o,n,t,i){var r;null!=gform.hooks[o][n]&&(r=(r=gform.hooks[o][n]).filter(function(o,n,r){return!!(null!=i&&i!=o.tag||null!=t&&t!=o.priority)}),gform.hooks[o][n]=r)}});<\/script>\n                <div class='gf_browser_gecko gform_wrapper gform_legacy_markup_wrapper' id='gform_wrapper_2' ><form method='post' enctype='multipart\/form-data'  id='gform_2'  action='\/en\/wp-json\/wp\/v2\/pages\/1722' >\n                        <div class='gform_body gform-body'><ul id='gform_fields_2' class='gform_fields top_label form_sublabel_below description_below'><li id=\"field_2_1\" class=\"gfield gfield_contains_required field_sublabel_hidden_label field_description_below hidden_label gfield_visibility_visible\" ><label class='gfield_label gfield_label_before_complex'  >Nombre<span class=\"gfield_required\"><span class=\"gfield_required gfield_required_asterisk\">*<\/span><\/span><\/label><div class='ginput_complex ginput_container no_prefix has_first_name no_middle_name has_last_name no_suffix gf_name_has_2 ginput_container_name' id='input_2_1'>\n                            \n                            <span id='input_2_1_3_container' class='name_first' >\n                                                    <input type='text' name='input_1.3' id='input_2_1_3' value=''   aria-required='true'   placeholder='Nombre *'  \/>\n                                                    <label for='input_2_1_3' class='hidden_sub_label screen-reader-text'>First<\/label>\n                                                <\/span>\n                            \n                            <span id='input_2_1_6_container' class='name_last' >\n                                                    <input type='text' name='input_1.6' id='input_2_1_6' value=''   aria-required='true'   placeholder='Apellidos *'  \/>\n                                                    <label for='input_2_1_6' class='hidden_sub_label screen-reader-text'>Last<\/label>\n                                                <\/span>\n                            \n                        <\/div><\/li><li id=\"field_2_2\" class=\"gfield gf_left_half gfield_contains_required field_sublabel_below field_description_below hidden_label gfield_visibility_visible\" ><label class='gfield_label' for='input_2_2' >Email<span class=\"gfield_required\"><span class=\"gfield_required gfield_required_asterisk\">*<\/span><\/span><\/label><div class='ginput_container ginput_container_email'>\n                            <input name='input_2' id='input_2_2' type='text' value='' class='large'   placeholder='E-mail *' aria-required=\"true\" aria-invalid=\"false\"  \/>\n                        <\/div><\/li><li id=\"field_2_3\" class=\"gfield gf_right_half gfield_contains_required field_sublabel_below field_description_below hidden_label gfield_visibility_visible\" ><label class='gfield_label' for='input_2_3' >Tel\u00e9fono<span class=\"gfield_required\"><span class=\"gfield_required gfield_required_asterisk\">*<\/span><\/span><\/label><div class='ginput_container ginput_container_phone'><input name='input_3' id='input_2_3' type='text' value='' class='large'  placeholder='Tel\u00e9fono *' aria-required=\"true\" aria-invalid=\"false\"   \/><\/div><\/li><li id=\"field_2_5\" class=\"gfield gfield_contains_required field_sublabel_below field_description_below hidden_label gfield_visibility_visible\" ><label class='gfield_label' for='input_2_5' >Comentario<span class=\"gfield_required\"><span class=\"gfield_required gfield_required_asterisk\">*<\/span><\/span><\/label><div class='ginput_container ginput_container_textarea'><textarea name='input_5' id='input_2_5' class='textarea medium'    placeholder='Descripci\u00f3n r\u00e1pida de su consulta *' aria-required=\"true\" aria-invalid=\"false\"   rows='10' cols='50'><\/textarea><\/div><\/li><li id=\"field_2_8\" class=\"gfield gfield_contains_required field_sublabel_below field_description_below hidden_label gfield_visibility_visible\" ><label class='gfield_label gfield_label_before_complex'  >Checkbox<span class=\"gfield_required\"><span class=\"gfield_required gfield_required_asterisk\">*<\/span><\/span><\/label><div class='ginput_container ginput_container_checkbox'><ul class='gfield_checkbox' id='input_2_8'><li class='gchoice gchoice_2_8_1'>\n\t\t\t\t\t\t\t\t<input class='gfield-choice-input' name='input_8.1' type='checkbox'  value='He le\u00eddo y acepto los &lt;a href=&quot;http:\/\/hostalvelilla.com\/politica-privacidad\/&quot; target=&quot;_blank&quot;&gt; los T\u00e9rminos y condiciones &lt;span style=&quot;color: #ff0000&quot;&gt;*&lt;\/span&gt;&lt;\/a&gt;'  id='choice_2_8_1'   \/>\n\t\t\t\t\t\t\t\t<label for='choice_2_8_1' id='label_2_8_1'>He le\u00eddo y acepto los <a href=\"http:\/\/hostalvelilla.com\/politica-privacidad\/\" target=\"_blank\"> los T\u00e9rminos y condiciones <span style=\"color: #ff0000;\">*<\/span><\/a><\/label>\n\t\t\t\t\t\t\t<\/li><\/ul><\/div><\/li><li id=\"field_2_4\" class=\"gfield field_sublabel_below field_description_below hidden_label gfield_visibility_visible\" ><label class='gfield_label' for='input_2_4' >CAPTCHA<\/label><div id='input_2_4' class='ginput_container ginput_recaptcha' data-sitekey='6LcwdaYUAAAAAOWp5Dlsg4T4SPny04OVDqonGvJB'  data-theme='light' data-tabindex='0'  data-badge=''><\/div><\/li><\/ul><\/div>\n        <div class='gform_footer top_label'> <input type='submit' id='gform_submit_button_2' class='gform_button button' value='Enviar'  onclick='if(window[\"gf_submitting_2\"]){return false;}  window[\"gf_submitting_2\"]=true;  ' onkeypress='if( event.keyCode == 13 ){ if(window[\"gf_submitting_2\"]){return false;} window[\"gf_submitting_2\"]=true;  jQuery(\"#gform_2\").trigger(\"submit\",[true]); }' \/> \n            <input type='hidden' class='gform_hidden' name='is_submit_2' value='1' \/>\n            <input type='hidden' class='gform_hidden' name='gform_submit' value='2' \/>\n            \n            <input type='hidden' class='gform_hidden' name='gform_unique_id' value='' \/>\n            <input type='hidden' class='gform_hidden' name='state_2' value='WyJbXSIsImEzMzAyYzQ3ODNiMWZkMzBkMjM0MWQxZWY2OWU1NTMwIl0=' \/>\n            <input type='hidden' class='gform_hidden' name='gform_target_page_number_2' id='gform_target_page_number_2' value='0' \/>\n            <input type='hidden' class='gform_hidden' name='gform_source_page_number_2' id='gform_source_page_number_2' value='1' \/>\n            <input type='hidden' name='gform_field_values' value='' \/>\n            \n        <\/div>\n                        <p style=\"display: none !important;\"><label>&#916;<textarea name=\"ak_hp_textarea\" cols=\"45\" rows=\"8\" maxlength=\"100\"><\/textarea><\/label><input type=\"hidden\" id=\"ak_js_1\" name=\"ak_js\" value=\"216\"\/><script>document.getElementById( \"ak_js_1\" ).setAttribute( \"value\", ( new Date() ).getTime() );<\/script><\/p><\/form>\n                        <\/div>[\/vc_column][vc_column width=&#8221;1\/3&#8243;][vc_column_text]<\/p>\n<h2>Direcci\u00f3n<\/h2>\n<address class=\"mt50\">\n<p class=\"box-title\">Hostal Velilla<\/p>\n<p>Paseo Velilla, 20<\/p>\n<p>18690 Almu\u00f1\u00e9car (Granada)<\/p>\n<p>Espa\u00f1a<\/p>\n<p><strong>Tel\u00e9fono<\/strong><br \/>\n<a href=\"tel:+34958630758\">(+ 34) 958 63 07 58<\/a><\/p>\n<p><a href=\"tel:+34657839292\">(+ 34) 657 83 92 92<\/a><\/p>\n<p><strong>Fax<\/strong><br \/>\n(+ 34) 958 63 92 17<\/p>\n<p><strong>E-mail<\/strong><br \/>\n<a href=\"mailto:reservas@hostalvelilla.com\">reservas@hostalvelilla.com<\/a><\/p>\n<h3><\/h3>\n<\/address>\n<p>[\/vc_column_text][vc_empty_space]<a href=\"https:\/\/hostalvelilla.com\/comentarios\/\" target=\"_self\" style=\"font-weight: 300\" class=\"mkdf-btn mkdf-btn-large mkdf-btn-solid mkdf-btn-icon mkdf-btn-hover-outline\"  >\n    <span class=\"mkdf-btn-text\">Ver Comentarios<\/span>\n\t\t\t<span class=\"mkdf-btn-icon-holder\">\n\t\t\t<i class=\"mkdf-icon-font-awesome fa fa-angle-right mkdf-btn-icon-elem\" ><\/i>\t\t<\/span>\n\t\n\t<\/a>[\/vc_column][\/vc_row]<\/p>\n","protected":false},"excerpt":{"rendered":"<p>[vc_row][vc_column width=&#8221;2\/3&#8243;][vc_column_text] Enviar mensaje Utilice el siguiente formulario de contacto para realizar sus peticiones a nuestro hotel.[\/vc_column_text][\/vc_column][vc_column width=&#8221;1\/3&#8243;][vc_column_text] Direcci\u00f3n Hostal Velilla Paseo Velilla, 20 18690 Almu\u00f1\u00e9car (Granada) Espa\u00f1a Tel\u00e9fono (+ 34) 958 63 07 58 (+ 34) 657 83 92 92 Fax (+ 34) 958&#8230;<\/p>\n","protected":false},"author":1,"featured_media":0,"parent":0,"menu_order":0,"comment_status":"open","ping_status":"open","template":"","meta":[],"yoast_head":"<!-- This site is optimized with the Yoast SEO plugin v18.2 - https:\/\/yoast.com\/wordpress\/plugins\/seo\/ -->\n<title>Contact - Hostal Velilla | Almu\u00f1ecar<\/title>\n<meta name=\"robots\" content=\"index, follow, max-snippet:-1, max-image-preview:large, max-video-preview:-1\" \/>\n<link rel=\"canonical\" href=\"https:\/\/hostalvelilla.com\/en\/contact\/\" \/>\n<meta property=\"og:locale\" content=\"en_US\" \/>\n<meta property=\"og:type\" content=\"article\" \/>\n<meta property=\"og:title\" content=\"Contact - Hostal Velilla | Almu\u00f1ecar\" \/>\n<meta property=\"og:description\" content=\"[vc_row][vc_column width=&#8221;2\/3&#8243;][vc_column_text] Enviar mensaje Utilice el siguiente formulario de contacto para realizar sus peticiones a nuestro hotel.[\/vc_column_text][\/vc_column][vc_column width=&#8221;1\/3&#8243;][vc_column_text] Direcci\u00f3n Hostal Velilla Paseo Velilla, 20 18690 Almu\u00f1\u00e9car (Granada) Espa\u00f1a Tel\u00e9fono (+ 34) 958 63 07 58 (+ 34) 657 83 92 92 Fax (+ 34) 958...\" \/>\n<meta property=\"og:url\" content=\"https:\/\/hostalvelilla.com\/en\/contact\/\" \/>\n<meta property=\"og:site_name\" content=\"Hostal Velilla | Almu\u00f1ecar\" \/>\n<meta property=\"article:modified_time\" content=\"2020-07-03T07:17:27+00:00\" \/>\n<meta name=\"twitter:card\" content=\"summary_large_image\" \/>\n<script type=\"application\/ld+json\" class=\"yoast-schema-graph\">{\"@context\":\"https:\/\/schema.org\",\"@graph\":[{\"@type\":\"WebSite\",\"@id\":\"https:\/\/hostalvelilla.com\/en\/#website\",\"url\":\"https:\/\/hostalvelilla.com\/en\/\",\"name\":\"Hostal Velilla | Almu\u00f1ecar\",\"description\":\"| Web Oficial | Mejor Precio\",\"potentialAction\":[{\"@type\":\"SearchAction\",\"target\":{\"@type\":\"EntryPoint\",\"urlTemplate\":\"https:\/\/hostalvelilla.com\/en\/?s={search_term_string}\"},\"query-input\":\"required name=search_term_string\"}],\"inLanguage\":\"en-US\"},{\"@type\":\"WebPage\",\"@id\":\"https:\/\/hostalvelilla.com\/en\/contact\/#webpage\",\"url\":\"https:\/\/hostalvelilla.com\/en\/contact\/\",\"name\":\"Contact - Hostal Velilla | Almu\u00f1ecar\",\"isPartOf\":{\"@id\":\"https:\/\/hostalvelilla.com\/en\/#website\"},\"datePublished\":\"2015-03-16T21:04:57+00:00\",\"dateModified\":\"2020-07-03T07:17:27+00:00\",\"breadcrumb\":{\"@id\":\"https:\/\/hostalvelilla.com\/en\/contact\/#breadcrumb\"},\"inLanguage\":\"en-US\",\"potentialAction\":[{\"@type\":\"ReadAction\",\"target\":[\"https:\/\/hostalvelilla.com\/en\/contact\/\"]}]},{\"@type\":\"BreadcrumbList\",\"@id\":\"https:\/\/hostalvelilla.com\/en\/contact\/#breadcrumb\",\"itemListElement\":[{\"@type\":\"ListItem\",\"position\":1,\"name\":\"Portada\",\"item\":\"https:\/\/hostalvelilla.com\/en\/\"},{\"@type\":\"ListItem\",\"position\":2,\"name\":\"Contact\"}]}]}<\/script>\n<!-- \/ Yoast SEO plugin. -->","yoast_head_json":{"title":"Contact - Hostal Velilla | Almu\u00f1ecar","robots":{"index":"index","follow":"follow","max-snippet":"max-snippet:-1","max-image-preview":"max-image-preview:large","max-video-preview":"max-video-preview:-1"},"canonical":"https:\/\/hostalvelilla.com\/en\/contact\/","og_locale":"en_US","og_type":"article","og_title":"Contact - Hostal Velilla | Almu\u00f1ecar","og_description":"[vc_row][vc_column width=&#8221;2\/3&#8243;][vc_column_text] Enviar mensaje Utilice el siguiente formulario de contacto para realizar sus peticiones a nuestro hotel.[\/vc_column_text][\/vc_column][vc_column width=&#8221;1\/3&#8243;][vc_column_text] Direcci\u00f3n Hostal Velilla Paseo Velilla, 20 18690 Almu\u00f1\u00e9car (Granada) Espa\u00f1a Tel\u00e9fono (+ 34) 958 63 07 58 (+ 34) 657 83 92 92 Fax (+ 34) 958...","og_url":"https:\/\/hostalvelilla.com\/en\/contact\/","og_site_name":"Hostal Velilla | Almu\u00f1ecar","article_modified_time":"2020-07-03T07:17:27+00:00","twitter_card":"summary_large_image","schema":{"@context":"https:\/\/schema.org","@graph":[{"@type":"WebSite","@id":"https:\/\/hostalvelilla.com\/en\/#website","url":"https:\/\/hostalvelilla.com\/en\/","name":"Hostal Velilla | Almu\u00f1ecar","description":"| Web Oficial | Mejor Precio","potentialAction":[{"@type":"SearchAction","target":{"@type":"EntryPoint","urlTemplate":"https:\/\/hostalvelilla.com\/en\/?s={search_term_string}"},"query-input":"required name=search_term_string"}],"inLanguage":"en-US"},{"@type":"WebPage","@id":"https:\/\/hostalvelilla.com\/en\/contact\/#webpage","url":"https:\/\/hostalvelilla.com\/en\/contact\/","name":"Contact - Hostal Velilla | Almu\u00f1ecar","isPartOf":{"@id":"https:\/\/hostalvelilla.com\/en\/#website"},"datePublished":"2015-03-16T21:04:57+00:00","dateModified":"2020-07-03T07:17:27+00:00","breadcrumb":{"@id":"https:\/\/hostalvelilla.com\/en\/contact\/#breadcrumb"},"inLanguage":"en-US","potentialAction":[{"@type":"ReadAction","target":["https:\/\/hostalvelilla.com\/en\/contact\/"]}]},{"@type":"BreadcrumbList","@id":"https:\/\/hostalvelilla.com\/en\/contact\/#breadcrumb","itemListElement":[{"@type":"ListItem","position":1,"name":"Portada","item":"https:\/\/hostalvelilla.com\/en\/"},{"@type":"ListItem","position":2,"name":"Contact"}]}]}},"_links":{"self":[{"href":"https:\/\/hostalvelilla.com\/en\/wp-json\/wp\/v2\/pages\/1722"}],"collection":[{"href":"https:\/\/hostalvelilla.com\/en\/wp-json\/wp\/v2\/pages"}],"about":[{"href":"https:\/\/hostalvelilla.com\/en\/wp-json\/wp\/v2\/types\/page"}],"author":[{"embeddable":true,"href":"https:\/\/hostalvelilla.com\/en\/wp-json\/wp\/v2\/users\/1"}],"replies":[{"embeddable":true,"href":"https:\/\/hostalvelilla.com\/en\/wp-json\/wp\/v2\/comments?post=1722"}],"version-history":[{"count":2,"href":"https:\/\/hostalvelilla.com\/en\/wp-json\/wp\/v2\/pages\/1722\/revisions"}],"predecessor-version":[{"id":1867,"href":"https:\/\/hostalvelilla.com\/en\/wp-json\/wp\/v2\/pages\/1722\/revisions\/1867"}],"wp:attachment":[{"href":"https:\/\/hostalvelilla.com\/en\/wp-json\/wp\/v2\/media?parent=1722"}],"curies":[{"name":"wp","href":"https:\/\/api.w.org\/{rel}","templated":true}]}}