{"id":1717,"date":"2019-06-04T12:21:14","date_gmt":"2019-06-04T10:21:14","guid":{"rendered":"http:\/\/hostalvelilla.com\/?page_id=1717"},"modified":"2019-06-04T12:21:14","modified_gmt":"2019-06-04T10:21:14","slug":"privacy-policy","status":"publish","type":"page","link":"https:\/\/hostalvelilla.com\/en\/privacy-policy\/","title":{"rendered":"Privacy Policy"},"content":{"rendered":"<h1>Pol\u00edtica de Privacidad, Condiciones de Uso y Aviso Legal<\/h1>\n<h2>1.- INFORMACI\u00d3N LEGAL<\/h2>\n<p>Titular del sitio web:<br \/>\n<strong>Jos\u00e9 Luis Bonillo<\/strong><br \/>\nCIF 23758289W<br \/>\nPaseo de Velilla, 20 (Hostal Velilla)Almu\u00f1\u00e9car (18690), Granada, Espa\u00f1a<\/p>\n<p>(En adelante en este documento Hostal Velilla)<\/p>\n<h2>2.- CONDICI\u00d3N DE USUARIO<\/h2>\n<p>Cuando accedes a este sitio web y\/o a sus contenidos adquieres la condici\u00f3n de Usuario, y est\u00e1s obligado al cumplimiento de estas Condiciones Generales de Acceso y Uso, as\u00ed como de las Condiciones Particulares de cada contenido o servicio en su caso, lo que aceptas de manera expresa.<\/p>\n<h2>3.- REQUISITOS M\u00cdNIMOS<\/h2>\n<p>Para una buena visualizaci\u00f3n y acceso al sitio web y a los contenidos se requiere:<br \/>\nSistema Operativo Windows XP, Windows 7, Windows 8, Mac OS Leopard, Mac OS Mavericks. Navegador IE 8.0 o superior, Mozilla Firefox 20.0 o superior, Google Chrome.<\/p>\n<h2>4.- POL\u00cdTICA DE PRIVACIDAD. PROTECCI\u00d3N DE DATOS PERSONALES<\/h2>\n<p>En cumplimiento de la Ley Org\u00e1nica para la Protecci\u00f3n de Datos Personales (LOPD), te informamos que los datos que nos facilitas a trav\u00e9s de los diferentes formularios de este sitio web pasar\u00e1n a formar parte de ficheros informatizados propiedad de Hostal Velilla con el los fines exclusivos para lo que son solicitados. En el caso del formulario de contacto para responder a tus consultas. La respuesta a las preguntas marcadas con un * (asterisco) o como \u201crequerido\u201d son obligatorias, el resto son voluntarias. La negativa a responder a las preguntas formuladas tendr\u00e1 como consecuencia la imposibilidad por nuestra parte de ponernos en contacto contigo o formalizar nuestra relaci\u00f3n comercial para la prestaci\u00f3n de los diferentes servicios. Te garantizamos en todo caso la posibilidad de ejercitar tu derecho de acceso, rectificaci\u00f3n, cancelaci\u00f3n y oposici\u00f3n de tus datos, notific\u00e1ndolo mediante el env\u00edo de un email a la direcci\u00f3n de correo electr\u00f3nico o email reservas@hostalvelilla.com desde la misma cuenta de email con la que has enviado el formulario o bien por correo postal a nuestra direcci\u00f3n, Paseo de Velilla, 20 (Hostal Velilla)Almu\u00f1\u00e9car (18690), Granada, Espa\u00f1a, identific\u00e1ndote correctamente.<\/p>\n<h2>5.- USO DE COOKIES<\/h2>\n<p>Esta web utiliza Cookies. Las cookies son peque\u00f1os ficheros de texto mantenidos por el propio navegador que almacenan informaci\u00f3n sobre la personalizaci\u00f3n del usuario para cada sitio web. En el caso de este web \u00fanicamente se utilizan para personalizar la web, facilitando as\u00ed la navegaci\u00f3n y uso. En ning\u00fan caso se recolectan datos que puedan identificar al usuario. Si no deseas recibir estas cookies, puedes configurar tu navegador para que rechace las mismas (consulta las instrucciones espec\u00edficas de tu navegador para ello), aunque el hacerlo puede bien afectar a la navegaci\u00f3n, o no ofrecer los servicios apropiados a los usuarios que se registran.<\/p>\n<h2>6. \u2013 GOOGLE ANALYTICS<\/h2>\n<p>Este sitio utiliza Google Analytics, un servicio anal\u00edtico de web prestado por Google, Inc., una compa\u00f1\u00eda de Delaware cuya oficina principal est\u00e1 en 1600 Amphitheatre Parkway, Mountain View (California), CA 94043, Estados Unidos (Google). Google Analytics utiliza cookies, que son archivos de texto ubicados en su ordenador, para ayudar al website a analizar el uso que hacen los usuarios del sitio web. La informaci\u00f3n que genera la cookie acerca de su uso del website (incluyendo tu direcci\u00f3n IP) ser\u00e1 directamente transmitida y archivada por Google en los servidores de Estados Unidos. Google usar\u00e1 esta informaci\u00f3n por cuenta nuestra con el prop\u00f3sito de seguir la pista de tu uso del website, recopilando informes de la actividad del website y prestando otros servicios relacionados con la actividad del website y el uso de Internet. Google podr\u00e1 transmitir dicha informaci\u00f3n a terceros cuando as\u00ed se lo requiera la legislaci\u00f3n, o cuando dichos terceros procesen la informaci\u00f3n por cuenta de Google. Google no asociar\u00e1 tu direcci\u00f3n IP con ning\u00fan otro dato del que disponga Google. Puedes rechazar el tratamiento de los datos o la informaci\u00f3n rechazando el uso de cookies mediante la selecci\u00f3n de la configuraci\u00f3n apropiada de su navegador, sin embargo, debes saber que si lo haces puede ser que no puedas usar la plena funcionabilidad de este website. Al utilizar este website consientes el tratamiento de informaci\u00f3n acerca de ti por Google en la forma y para los fines arriba indicados. Este sitio tambi\u00e9n podr\u00eda albergar publicidad del sistema Adsense de Google, que se muestra mediante servidores publicitarios que tambi\u00e9n utilizan cookies para mostrar contenidos publicitarios afines a los usuarios. Puedes ver m\u00e1s informaci\u00f3n sobre la pol\u00edtica de privacidad de Google en el siguiente documento<a href=\"http:\/\/www.google.com\/intl\/es_ALL\/privacypolicy.html\">http:\/\/www.google.com\/intl\/es_ALL\/privacypolicy.html<\/a>.<\/p>\n<h2>7.- ENLACES<\/h2>\n<p>Hostal Velilla no se responsabiliza del contenido de los sitios webs de terceros enlazados con sus sitios web, de manera entrante o saliente, ya que no puede controlar el contenido de estos terceros sitios webs, siendo responsabilidad exclusiva de su respectivo propietario.<\/p>\n<h2>8.- EXENCI\u00d3N DE GARANT\u00cdAS<\/h2>\n<p>Hostal Velilla no garantiza la satisfacci\u00f3n del Usuario por el acceso al sitio web y\/o a los contenidos. Hostal Velilla no se hace responsable de cualquier reclamaci\u00f3n por el da\u00f1o que el uso o acceso al sitio web o a los contenidos por parte del Usuario pudiera causar al Usuario o a terceros, lo que el Usuario acepta de manera expresa, exonerando a Hostal Velilla de cualquier responsabilidad al respecto y asumiendo el Usuario toda responsabilidad.<\/p>\n<h2>9.- RESERVA DE DERECHOS<\/h2>\n<p>Hostal Velilla se reserva el derecho a modificar sin previo aviso las presentes Condiciones Generales, por lo que se te recomienda que las leas en cada visita o si dispones de un servicio contratado, las revises regularmente. Hostal Velilla se reserva el derecho a suspender, cancelar, modificar o eliminar cualquier contenido sin previo aviso.<\/p>\n<h2>10.- JURISDICCI\u00d3N Y NULIDAD PARCIAL<\/h2>\n<p>El Usuario y Hostal Velilla se someten a los Tribunales de la ciudad de Almu\u00f1ecar con renuncia de su fuero propio para la resoluci\u00f3n de cualquier punto de este contrato. En el caso que se declarase judicialmente nula alguna de las cl\u00e1usulas de este contrato, las dem\u00e1s seguir\u00e1n plenamente vigentes.<\/p>\n<h2>11.- CONTACTO<\/h2>\n<p>Puedes contactar con nosotros de diferentes maneras:<br \/>\n1.- A trav\u00e9s de nuestro\u00a0<a href=\"https:\/\/hostalvelilla.com\/contacto\/\">formulario de contacto<\/a>.<br \/>\n2.- En nuestra direcci\u00f3n f\u00edsica:<br \/>\nPaseo de Velilla, 20 (Hostal Velilla)Almu\u00f1\u00e9car (18690), Granada, Espa\u00f1a<\/p>\n<p>3.- Llamando al (+34) + 34 958 63 07 58<\/p>\n","protected":false},"excerpt":{"rendered":"<p>Pol\u00edtica de Privacidad, Condiciones de Uso y Aviso Legal 1.- INFORMACI\u00d3N LEGAL Titular del sitio web: Jos\u00e9 Luis Bonillo CIF 23758289W Paseo de Velilla, 20 (Hostal Velilla)Almu\u00f1\u00e9car (18690), Granada, Espa\u00f1a (En adelante en este documento Hostal Velilla) 2.- CONDICI\u00d3N DE USUARIO Cuando accedes a este&#8230;<\/p>\n","protected":false},"author":1,"featured_media":0,"parent":0,"menu_order":0,"comment_status":"closed","ping_status":"closed","template":"","meta":[],"yoast_head":"<!-- This site is optimized with the Yoast SEO plugin v18.2 - https:\/\/yoast.com\/wordpress\/plugins\/seo\/ -->\n<title>Privacy Policy - Hostal Velilla | Almu\u00f1ecar<\/title>\n<meta name=\"robots\" content=\"index, follow, max-snippet:-1, max-image-preview:large, max-video-preview:-1\" \/>\n<link rel=\"canonical\" href=\"https:\/\/hostalvelilla.com\/en\/privacy-policy\/\" \/>\n<meta property=\"og:locale\" content=\"en_US\" \/>\n<meta property=\"og:type\" content=\"article\" \/>\n<meta property=\"og:title\" content=\"Privacy Policy - Hostal Velilla | Almu\u00f1ecar\" \/>\n<meta property=\"og:description\" content=\"Pol\u00edtica de Privacidad, Condiciones de Uso y Aviso Legal 1.- INFORMACI\u00d3N LEGAL Titular del sitio web: Jos\u00e9 Luis Bonillo CIF 23758289W Paseo de Velilla, 20 (Hostal Velilla)Almu\u00f1\u00e9car (18690), Granada, Espa\u00f1a (En adelante en este documento Hostal Velilla) 2.- CONDICI\u00d3N DE USUARIO Cuando accedes a este...\" \/>\n<meta property=\"og:url\" content=\"https:\/\/hostalvelilla.com\/en\/privacy-policy\/\" \/>\n<meta property=\"og:site_name\" content=\"Hostal Velilla | Almu\u00f1ecar\" \/>\n<meta name=\"twitter:card\" content=\"summary_large_image\" \/>\n<meta name=\"twitter:label1\" content=\"Est. reading time\" \/>\n\t<meta name=\"twitter:data1\" content=\"5 minutes\" \/>\n<script type=\"application\/ld+json\" class=\"yoast-schema-graph\">{\"@context\":\"https:\/\/schema.org\",\"@graph\":[{\"@type\":\"WebSite\",\"@id\":\"https:\/\/hostalvelilla.com\/en\/#website\",\"url\":\"https:\/\/hostalvelilla.com\/en\/\",\"name\":\"Hostal Velilla | Almu\u00f1ecar\",\"description\":\"| Web Oficial | Mejor Precio\",\"potentialAction\":[{\"@type\":\"SearchAction\",\"target\":{\"@type\":\"EntryPoint\",\"urlTemplate\":\"https:\/\/hostalvelilla.com\/en\/?s={search_term_string}\"},\"query-input\":\"required name=search_term_string\"}],\"inLanguage\":\"en-US\"},{\"@type\":\"WebPage\",\"@id\":\"https:\/\/hostalvelilla.com\/en\/privacy-policy\/#webpage\",\"url\":\"https:\/\/hostalvelilla.com\/en\/privacy-policy\/\",\"name\":\"Privacy Policy - Hostal Velilla | Almu\u00f1ecar\",\"isPartOf\":{\"@id\":\"https:\/\/hostalvelilla.com\/en\/#website\"},\"datePublished\":\"2019-06-04T10:21:14+00:00\",\"dateModified\":\"2019-06-04T10:21:14+00:00\",\"breadcrumb\":{\"@id\":\"https:\/\/hostalvelilla.com\/en\/privacy-policy\/#breadcrumb\"},\"inLanguage\":\"en-US\",\"potentialAction\":[{\"@type\":\"ReadAction\",\"target\":[\"https:\/\/hostalvelilla.com\/en\/privacy-policy\/\"]}]},{\"@type\":\"BreadcrumbList\",\"@id\":\"https:\/\/hostalvelilla.com\/en\/privacy-policy\/#breadcrumb\",\"itemListElement\":[{\"@type\":\"ListItem\",\"position\":1,\"name\":\"Portada\",\"item\":\"https:\/\/hostalvelilla.com\/en\/\"},{\"@type\":\"ListItem\",\"position\":2,\"name\":\"Privacy Policy\"}]}]}<\/script>\n<!-- \/ Yoast SEO plugin. -->","yoast_head_json":{"title":"Privacy Policy - Hostal Velilla | Almu\u00f1ecar","robots":{"index":"index","follow":"follow","max-snippet":"max-snippet:-1","max-image-preview":"max-image-preview:large","max-video-preview":"max-video-preview:-1"},"canonical":"https:\/\/hostalvelilla.com\/en\/privacy-policy\/","og_locale":"en_US","og_type":"article","og_title":"Privacy Policy - Hostal Velilla | Almu\u00f1ecar","og_description":"Pol\u00edtica de Privacidad, Condiciones de Uso y Aviso Legal 1.- INFORMACI\u00d3N LEGAL Titular del sitio web: Jos\u00e9 Luis Bonillo CIF 23758289W Paseo de Velilla, 20 (Hostal Velilla)Almu\u00f1\u00e9car (18690), Granada, Espa\u00f1a (En adelante en este documento Hostal Velilla) 2.- CONDICI\u00d3N DE USUARIO Cuando accedes a este...","og_url":"https:\/\/hostalvelilla.com\/en\/privacy-policy\/","og_site_name":"Hostal Velilla | Almu\u00f1ecar","twitter_card":"summary_large_image","twitter_misc":{"Est. reading time":"5 minutes"},"schema":{"@context":"https:\/\/schema.org","@graph":[{"@type":"WebSite","@id":"https:\/\/hostalvelilla.com\/en\/#website","url":"https:\/\/hostalvelilla.com\/en\/","name":"Hostal Velilla | Almu\u00f1ecar","description":"| Web Oficial | Mejor Precio","potentialAction":[{"@type":"SearchAction","target":{"@type":"EntryPoint","urlTemplate":"https:\/\/hostalvelilla.com\/en\/?s={search_term_string}"},"query-input":"required name=search_term_string"}],"inLanguage":"en-US"},{"@type":"WebPage","@id":"https:\/\/hostalvelilla.com\/en\/privacy-policy\/#webpage","url":"https:\/\/hostalvelilla.com\/en\/privacy-policy\/","name":"Privacy Policy - Hostal Velilla | Almu\u00f1ecar","isPartOf":{"@id":"https:\/\/hostalvelilla.com\/en\/#website"},"datePublished":"2019-06-04T10:21:14+00:00","dateModified":"2019-06-04T10:21:14+00:00","breadcrumb":{"@id":"https:\/\/hostalvelilla.com\/en\/privacy-policy\/#breadcrumb"},"inLanguage":"en-US","potentialAction":[{"@type":"ReadAction","target":["https:\/\/hostalvelilla.com\/en\/privacy-policy\/"]}]},{"@type":"BreadcrumbList","@id":"https:\/\/hostalvelilla.com\/en\/privacy-policy\/#breadcrumb","itemListElement":[{"@type":"ListItem","position":1,"name":"Portada","item":"https:\/\/hostalvelilla.com\/en\/"},{"@type":"ListItem","position":2,"name":"Privacy Policy"}]}]}},"_links":{"self":[{"href":"https:\/\/hostalvelilla.com\/en\/wp-json\/wp\/v2\/pages\/1717"}],"collection":[{"href":"https:\/\/hostalvelilla.com\/en\/wp-json\/wp\/v2\/pages"}],"about":[{"href":"https:\/\/hostalvelilla.com\/en\/wp-json\/wp\/v2\/types\/page"}],"author":[{"embeddable":true,"href":"https:\/\/hostalvelilla.com\/en\/wp-json\/wp\/v2\/users\/1"}],"replies":[{"embeddable":true,"href":"https:\/\/hostalvelilla.com\/en\/wp-json\/wp\/v2\/comments?post=1717"}],"version-history":[{"count":3,"href":"https:\/\/hostalvelilla.com\/en\/wp-json\/wp\/v2\/pages\/1717\/revisions"}],"predecessor-version":[{"id":1745,"href":"https:\/\/hostalvelilla.com\/en\/wp-json\/wp\/v2\/pages\/1717\/revisions\/1745"}],"wp:attachment":[{"href":"https:\/\/hostalvelilla.com\/en\/wp-json\/wp\/v2\/media?parent=1717"}],"curies":[{"name":"wp","href":"https:\/\/api.w.org\/{rel}","templated":true}]}}